{"id":2,"date":"2016-04-17T11:15:45","date_gmt":"2016-04-17T09:15:45","guid":{"rendered":"http:\/\/ehrenamtliche-helfer.org\/nbh-mitglieder\/?page_id=2"},"modified":"2018-07-22T08:50:30","modified_gmt":"2018-07-22T06:50:30","slug":"startseite","status":"publish","type":"page","link":"https:\/\/ehrenamtliche-helfer.org\/nbh-mitglieder\/startseite\/","title":{"rendered":"Anmeldung"},"content":{"rendered":"<div id=\"pl-2\"  class=\"panel-layout\" ><div id=\"pg-2-0\"  class=\"panel-grid panel-has-style\" ><div style=\"padding: 100px 0; \" data-overlay=\"true\" data-overlay-color=\"#000000\" class=\"panel-row-style panel-row-style-for-2-0\" ><div id=\"pgc-2-0-0\"  class=\"panel-grid-cell\" ><div id=\"panel-2-0-0-0\" class=\"so-panel widget widget_sow-editor panel-first-child panel-last-child\" data-index=\"0\" ><div style=\"text-align: left;\" data-title-color=\"#443f3f\" data-headings-color=\"#443f3f\" class=\"panel-widget-style panel-widget-style-for-2-0-0-0\" ><div\n\t\t\t\n\t\t\tclass=\"so-widget-sow-editor so-widget-sow-editor-base\"\n\t\t\t\n\t\t><h3 class=\"widget-title\">Interne Seiten\u00a0f\u00fcr Mitglieder<\/h3>\n<div class=\"siteorigin-widget-tinymce textwidget\">\n\t<p>Um die Funktionen und Inhalte f\u00fcr unsere Mitglieder nutzen zu k\u00f6nnen, musst Du Dich weiter unten anmelden.<\/p>\n<p>Dein\u00a0Benutzerprofil haben wir daf\u00fcr bereits f\u00fcr Dich\u00a0angelegt. Im Bereich ANMELDUNG\u00a0kannst Du Deine\u00a0Anmelde-Daten eingeben. Solltest Du Dein\u00a0Passwort vergessen haben, so nutze bitte die Funktion \"Passwort vergessen\".<\/p>\n<p>Solltest Du\u00a0weiterhin Probleme haben, so kannst\u00a0Du\u00a0Dich an unseren Administrator wenden.<\/p>\n<p>Zur Anmeldung kannst Du Deinen Benutzer-Namen oder\u00a0Deine E-Mail-Adresse verwenden\u00a0, welche\u00a0Du\u00a0von der Nachbarschaftshilfe Diessen erhalten hast. Du\u00a0erh\u00e4ltst \u00fcber diese Adresse auch unseren Newsletter, sofern Du dich f\u00fcr diesen angemeldet hast.<\/p>\n<\/div>\n<\/div><\/div><\/div><\/div><\/div><\/div><div id=\"pg-2-1\"  class=\"panel-grid panel-has-style\" ><div style=\"background-image: url(https:\/\/ehrenamtliche-helfer.org\/nbh-mitglieder\/wp-content\/uploads\/sites\/4\/2016\/04\/Helfen.jpg);padding: 10px 0; \" data-hasbg=\"hasbg\" data-overlay=\"true\" data-overlay-color=\"#000000\" class=\"panel-row-style panel-row-style-for-2-1\" ><div id=\"pgc-2-1-0\"  class=\"panel-grid-cell panel-grid-cell-mobile-last\" ><div id=\"panel-2-1-0-0\" class=\"so-panel widget widget_sow-editor panel-first-child panel-last-child\" data-index=\"1\" ><div class=\"panel-widget-style panel-widget-style-for-2-1-0-0\" ><div\n\t\t\t\n\t\t\tclass=\"so-widget-sow-editor so-widget-sow-editor-base\"\n\t\t\t\n\t\t><h3 class=\"widget-title\">Anmeldung<\/h3>\n<div class=\"siteorigin-widget-tinymce textwidget\">\n\t<p>[theme-my-login]<\/p>\n<\/div>\n<\/div><\/div><\/div><\/div><div id=\"pgc-2-1-1\"  class=\"panel-grid-cell panel-grid-cell-empty\" ><\/div><\/div><\/div><div id=\"pg-2-2\"  class=\"panel-grid panel-has-style\" ><div style=\"padding: 10px 0; \" data-overlay=\"true\" data-overlay-color=\"#000000\" class=\"panel-row-style panel-row-style-for-2-2\" ><div id=\"pgc-2-2-0\"  class=\"panel-grid-cell\" ><div id=\"panel-2-2-0-0\" class=\"so-panel widget widget_sydney_latest_news sydney_latest_news_widget panel-first-child panel-last-child\" data-index=\"2\" ><div style=\"text-align: left;\" data-title-color=\"#443f3f\" data-headings-color=\"#443f3f\" class=\"panel-widget-style panel-widget-style-for-2-2-0-0\" >\t\t\r\n\t\t\t\t\t<div class=\"blog-post col-md-4 col-sm-6 col-xs-12\">\r\n\t\t\t\t\t\t\t<div class=\"entry-thumb\">\r\n\t\t\t\t\t<a href=\"https:\/\/ehrenamtliche-helfer.org\/nbh-mitglieder\/2018\/09\/streitet-euch\/\" title=\"Streitet Euch!\">\r\n\t\t\t\t\t\t<img loading=\"lazy\" decoding=\"async\" width=\"550\" height=\"380\" src=\"https:\/\/ehrenamtliche-helfer.org\/nbh-mitglieder\/wp-content\/uploads\/sites\/4\/2018\/09\/Krim-Krise-EU-und-USA-beschliessen-Sanktionen_big_teaser_article-550x380.jpg\" class=\"attachment-sydney-medium-thumb size-sydney-medium-thumb wp-post-image\" alt=\"Streitet Euch\" \/>\t\t\t\t\t<\/a>\t\t\t\r\n\t\t\t\t<\/div>\t\r\n\t\t\t\t\t\t\t\t\t\r\n\t\t\t<h4 class=\"entry-title\"><a href=\"https:\/\/ehrenamtliche-helfer.org\/nbh-mitglieder\/2018\/09\/streitet-euch\/\" rel=\"bookmark\">Streitet Euch!<\/a><\/h4>\t\t\t\t<div class=\"entry-summary\"><p>&#8230; \u00dcber den demokratischen Umgang mit Populismus und Stammtischparolen Die\u00dfen&#8211; Im Mittelpunkt von Vortrag und Diskussion stehen interessante Fragen: Wie [&hellip;]<\/p>\n<\/div>\r\n\t\t\t<\/div>\r\n\t\t\t\t\t<div class=\"blog-post col-md-4 col-sm-6 col-xs-12\">\r\n\t\t\t\t\t\t\t<div class=\"entry-thumb\">\r\n\t\t\t\t\t<a href=\"https:\/\/ehrenamtliche-helfer.org\/nbh-mitglieder\/2018\/07\/datenschutzgrundverordnung-dsgvo\/\" title=\"Datenschutzgrundverordnung (DSGVO)\">\r\n\t\t\t\t\t\t<img loading=\"lazy\" decoding=\"async\" width=\"550\" height=\"400\" src=\"https:\/\/ehrenamtliche-helfer.org\/nbh-mitglieder\/wp-content\/uploads\/sites\/4\/2018\/07\/erecht24-datenschutzgrundverordnung1-550x400.jpg\" class=\"attachment-sydney-medium-thumb size-sydney-medium-thumb wp-post-image\" alt=\"DSGVO\" \/>\t\t\t\t\t<\/a>\t\t\t\r\n\t\t\t\t<\/div>\t\r\n\t\t\t\t\t\t\t\t\t\r\n\t\t\t<h4 class=\"entry-title\"><a href=\"https:\/\/ehrenamtliche-helfer.org\/nbh-mitglieder\/2018\/07\/datenschutzgrundverordnung-dsgvo\/\" rel=\"bookmark\">Datenschutzgrundverordnung (DSGVO)<\/a><\/h4>\t\t\t\t<div class=\"entry-summary\"><p>Liebe Mitglieder, wir sind verpflichtet unsere\u00a0Mitglieder \u00fcber die Datenverarbeitungsvorg\u00e4nge auf den Mitgliederseiten der Nachbarschafthilfe Die\u00dfen zu informiert. Insbesondere ist dar\u00fcber [&hellip;]<\/p>\n<\/div>\r\n\t\t\t<\/div>\r\n\t\t\t\t\t<div class=\"blog-post col-md-4 col-sm-6 col-xs-12\">\r\n\t\t\t\t\t\t\t<div class=\"entry-thumb\">\r\n\t\t\t\t\t<a href=\"https:\/\/ehrenamtliche-helfer.org\/nbh-mitglieder\/2018\/06\/mitgliederausflug-2018\/\" title=\"Mitgliederausflug 2018\">\r\n\t\t\t\t\t\t<img loading=\"lazy\" decoding=\"async\" width=\"550\" height=\"400\" src=\"https:\/\/ehrenamtliche-helfer.org\/nbh-mitglieder\/wp-content\/uploads\/sites\/4\/2018\/06\/Nachtw\u00e4chter-550x400.jpg\" class=\"attachment-sydney-medium-thumb size-sydney-medium-thumb wp-post-image\" alt=\"Nachtw\u00e4chter\" \/>\t\t\t\t\t<\/a>\t\t\t\r\n\t\t\t\t<\/div>\t\r\n\t\t\t\t\t\t\t\t\t\r\n\t\t\t<h4 class=\"entry-title\"><a href=\"https:\/\/ehrenamtliche-helfer.org\/nbh-mitglieder\/2018\/06\/mitgliederausflug-2018\/\" rel=\"bookmark\">Mitgliederausflug 2018<\/a><\/h4>\t\t\t\t<div class=\"entry-summary\"><p>Landsberg bei Nacht &#8211;\u00a0Stadtf\u00fchrung: Wie jedes Jahr laden wir alle Mitglieder ganz herzlich zu unserem Mitgliederausflug ein. Bei einem Rundgang [&hellip;]<\/p>\n<\/div>\r\n\t\t\t<\/div>\r\n\t\t\r\n\t\t\t\t\t\t\t<a href=\"https:\/\/ehrenamtliche-helfer.org\/nbh-mitglieder\/aktuelles\/\" class=\"roll-button more-button\">mehr erfahren<\/a>\r\n\t\t\t\t\r\n\t<\/div><\/div><\/div><\/div><\/div><\/div>","protected":false},"excerpt":{"rendered":"<p>Um die Funktionen und Inhalte f\u00fcr unsere Mitglieder nutzen zu k\u00f6nnen, musst Du Dich weiter unten anmelden. Dein\u00a0Benutzerprofil haben wir [&hellip;]<\/p>\n","protected":false},"author":1,"featured_media":0,"parent":0,"menu_order":0,"comment_status":"closed","ping_status":"open","template":"page-templates\/page_front-page.php","meta":{"footnotes":""},"class_list":["post-2","page","type-page","status-publish","hentry"],"_links":{"self":[{"href":"https:\/\/ehrenamtliche-helfer.org\/nbh-mitglieder\/wp-json\/wp\/v2\/pages\/2","targetHints":{"allow":["GET"]}}],"collection":[{"href":"https:\/\/ehrenamtliche-helfer.org\/nbh-mitglieder\/wp-json\/wp\/v2\/pages"}],"about":[{"href":"https:\/\/ehrenamtliche-helfer.org\/nbh-mitglieder\/wp-json\/wp\/v2\/types\/page"}],"author":[{"embeddable":true,"href":"https:\/\/ehrenamtliche-helfer.org\/nbh-mitglieder\/wp-json\/wp\/v2\/users\/1"}],"replies":[{"embeddable":true,"href":"https:\/\/ehrenamtliche-helfer.org\/nbh-mitglieder\/wp-json\/wp\/v2\/comments?post=2"}],"version-history":[{"count":11,"href":"https:\/\/ehrenamtliche-helfer.org\/nbh-mitglieder\/wp-json\/wp\/v2\/pages\/2\/revisions"}],"predecessor-version":[{"id":808,"href":"https:\/\/ehrenamtliche-helfer.org\/nbh-mitglieder\/wp-json\/wp\/v2\/pages\/2\/revisions\/808"}],"wp:attachment":[{"href":"https:\/\/ehrenamtliche-helfer.org\/nbh-mitglieder\/wp-json\/wp\/v2\/media?parent=2"}],"curies":[{"name":"wp","href":"https:\/\/api.w.org\/{rel}","templated":true}]}}