{"id":552,"date":"2016-11-14T07:05:53","date_gmt":"2016-11-14T06:05:53","guid":{"rendered":"http:\/\/ehrenamtliche-helfer.org\/nbh-mitglieder\/?page_id=552"},"modified":"2016-11-17T08:48:36","modified_gmt":"2016-11-17T07:48:36","slug":"jahreshauptversammlung","status":"publish","type":"page","link":"https:\/\/ehrenamtliche-helfer.org\/nbh-mitglieder\/jahreshauptversammlung\/","title":{"rendered":"Jahreshauptversammlung"},"content":{"rendered":"<div id=\"pl-552\"  class=\"panel-layout\" ><div id=\"pg-552-0\"  class=\"panel-grid panel-has-style\" ><div class=\"siteorigin-panels-stretch panel-row-style panel-row-style-for-552-0\" style=\"padding: 100px 0; \" data-stretch-type=\"full-stretched\" data-overlay=\"true\" data-overlay-color=\"#000000\" ><div id=\"pgc-552-0-0\"  class=\"panel-grid-cell\" ><div id=\"panel-552-0-0-0\" class=\"so-panel widget widget_sow-hero panel-first-child panel-last-child\" data-index=\"0\" ><div style=\"text-align: left;\" data-title-color=\"#443f3f\" data-headings-color=\"#443f3f\" class=\"panel-widget-style panel-widget-style-for-552-0-0-0\" ><div\n\t\t\t\n\t\t\tclass=\"so-widget-sow-hero so-widget-sow-hero-default-40745df7cad7-552 so-widget-fittext-wrapper\"\n\t\t\t data-fit-text-compressor=\"0.85\"\n\t\t>\t\t\t\t<div class=\"sow-slider-base\" style=\"display: none\" tabindex=\"0\">\n\t\t\t\t\t<ul\n\t\t\t\t\tclass=\"sow-slider-images\"\n\t\t\t\t\tdata-settings=\"{&quot;pagination&quot;:true,&quot;speed&quot;:800,&quot;timeout&quot;:8000,&quot;paused&quot;:false,&quot;pause_on_hover&quot;:false,&quot;swipe&quot;:true,&quot;nav_always_show_desktop&quot;:&quot;&quot;,&quot;nav_always_show_mobile&quot;:&quot;&quot;,&quot;breakpoint&quot;:&quot;780px&quot;,&quot;unmute&quot;:false,&quot;anchor&quot;:null}\"\n\t\t\t\t\t\t\t\t\t\tdata-anchor-id=\"\"\n\t\t\t\t>\t\t<li class=\"sow-slider-image  sow-slider-image-cover\" style=\"visibility: visible;;background-color: #ffffff\" >\n\t\t\t\t\t<div class=\"sow-slider-image-container\">\n\t\t\t<div class=\"sow-slider-image-wrapper\">\n\t\t\t\t<h1 style=\"text-align: center\"><span style=\"color: #33cccc\">Nachbarschaftshilfe Die\u00dfen<\/span><\/h1><h2 style=\"text-align: center\"><span style=\"color: #e4df61\"><span style=\"color: #ffcc00\">Jahreshauptversammlung<\/span>\u00a0<\/span><\/h2><div class=\"sow-hero-buttons\" style=\"text-align: center\"><\/div>\t\t\t<\/div>\n\t\t<\/div>\n\t\t<div class=\"sow-slider-image-overlay sow-slider-image-cover\" style=\"opacity: 0.4;background-image: url(https:\/\/ehrenamtliche-helfer.org\/nbh-mitglieder\/wp-content\/uploads\/sites\/4\/2016\/10\/Mitgliederversammlung-2016-xl.jpg)\"  ><\/div>\t\t<\/li>\n\t\t<\/ul>\t\t\t\t<ol class=\"sow-slider-pagination\">\n\t\t\t\t\t\t\t\t\t\t\t<li><a href=\"#\" data-goto=\"0\" aria-label=\"Display slide 1\"><\/a><\/li>\n\t\t\t\t\t\t\t\t\t<\/ol>\n\n\t\t\t\t<div class=\"sow-slide-nav sow-slide-nav-next\">\n\t\t\t\t\t<a href=\"#\" data-goto=\"next\" aria-label=\"Next slide\" data-action=\"next\">\n\t\t\t\t\t\t<em class=\"sow-sld-icon-thin-right\"><\/em>\n\t\t\t\t\t<\/a>\n\t\t\t\t<\/div>\n\n\t\t\t\t<div class=\"sow-slide-nav sow-slide-nav-prev\">\n\t\t\t\t\t<a href=\"#\" data-goto=\"previous\" aria-label=\"Previous slide\" data-action=\"prev\">\n\t\t\t\t\t\t<em class=\"sow-sld-icon-thin-left\"><\/em>\n\t\t\t\t\t<\/a>\n\t\t\t\t<\/div>\n\t\t\t\t<\/div><\/div><\/div><\/div><\/div><\/div><\/div><div id=\"pg-552-1\"  class=\"panel-grid panel-has-style\" ><div class=\"siteorigin-panels-stretch panel-row-style panel-row-style-for-552-1\" style=\"padding: 2% 0; \" data-stretch-type=\"full-stretched\" data-overlay=\"true\" data-overlay-color=\"#000000\" ><div id=\"pgc-552-1-0\"  class=\"panel-grid-cell\" ><div id=\"panel-552-1-0-0\" class=\"so-panel widget widget_sow-headline panel-first-child\" data-index=\"1\" ><div style=\"text-align: left;\" data-title-color=\"#443f3f\" data-headings-color=\"#443f3f\" class=\"panel-widget-style panel-widget-style-for-552-1-0-0\" ><div\n\t\t\t\n\t\t\tclass=\"so-widget-sow-headline so-widget-sow-headline-default-f4e7614ca2f2-552\"\n\t\t\t\n\t\t><div class=\"sow-headline-container \">\n\t\t\t\t\t\t\t<h1 class=\"sow-headline\">\n\t\t\t\t\t\tTagesordnung\t\t\t\t\t\t<\/h1>\n\t\t\t\t\t\t<\/div>\n<\/div><\/div><\/div><div id=\"panel-552-1-0-1\" class=\"so-panel widget widget_sow-features panel-last-child\" data-index=\"2\" ><div style=\"text-align: left;\" data-title-color=\"#443f3f\" data-headings-color=\"#443f3f\" class=\"panel-widget-style panel-widget-style-for-552-1-0-1\" ><div\n\t\t\t\n\t\t\tclass=\"so-widget-sow-features so-widget-sow-features-default-0d3e22e3b08d-552\"\n\t\t\t\n\t\t><ul\n\tclass=\"sow-features-list\n\tsow-features-responsive\">\n\n\t\t\t<li\n\t\t\tclass=\"sow-features-feature sow-icon-container-position-top\"\n\t\t\tstyle=\"display: flex; flex-direction: column; width: calc(33.333% - 25px);\"\n\t\t>\n\t\t\t\n\t\t\t\t\t\t\t<div class=\"sow-features-feature-right-left-container\" style=\"display: flex; flex-direction: inherit;\">\n\t\t\t\t\t\t\t<div\t\t\t\tclass=\"sow-icon-container sow-container-none\"\n\t\t\t\tstyle=\"color: ; \"\n\t\t\t\t\n\t\t\t\t\t\t\t>\n\t\t\t\t<span class=\"sow-icon-fontawesome sow-fas\" data-sow-icon=\"&#xf1ae;\"\n\t\tstyle=\"font-size: 48px; color: #333333\" \n\t\taria-hidden=\"true\"><\/span>\t\t\t<\/div>\n\n\t\t\t<div class=\"textwidget\">\n\t\t\t\t\t\t\t\t\t<div class=\"sow-features-feature-content\">\n\t\t\t\t\n\t\t\t\t\t\t\t\t\t<h5 class=\"sow-features-feature-title\">\n\t\t\t\t\t\t1. Begr\u00fc\u00dfung durch die 1. Vorsitzende\t\t\t\t\t<\/h5>\n\t\t\t\t\n\t\t\t\t\t\t\t\t\t<div class=\"sow-features-feature-text\">\n\t\t\t\t\t... und Wahl zur Ernennung des Protokollf\u00fchrer\/in f\u00fcr die diesj\u00e4hrige Versammlung\t\t\t\t\t<\/div>\n\t\t\t\t\t\t\t\t\t\t<\/div>\n\t\t\t\t\t<p class=\"sow-more-text\">\n\t\t\t\t\t\t<a href=\"https:\/\/ehrenamtliche-helfer.org\/nbh-mitglieder\/jahreshauptversammlung\/begruessung\/\" >\t\t\t\t\t\tDetails\t\t\t\t\t\t<\/a>\t\t\t\t\t<\/p>\n\t\t\t\t\t\t\t<\/div>\n\t\t\t\t\t\t\t<\/div>\n\t\t\t\t\t\t\t\t<\/li>\n\n\t\t\t<li\n\t\t\tclass=\"sow-features-feature sow-icon-container-position-top\"\n\t\t\tstyle=\"display: flex; flex-direction: column; width: calc(33.333% - 25px);\"\n\t\t>\n\t\t\t\n\t\t\t\t\t\t\t<div class=\"sow-features-feature-right-left-container\" style=\"display: flex; flex-direction: inherit;\">\n\t\t\t\t\t\t\t<div\t\t\t\tclass=\"sow-icon-container sow-container-none\"\n\t\t\t\tstyle=\"color: #404040; \"\n\t\t\t\t\n\t\t\t\t\t\t\t>\n\t\t\t\t<span class=\"sow-icon-fontawesome sow-fas\" data-sow-icon=\"&#xf1cb;\"\n\t\tstyle=\"font-size: 48px; color: #333333\" \n\t\taria-hidden=\"true\"><\/span>\t\t\t<\/div>\n\n\t\t\t<div class=\"textwidget\">\n\t\t\t\t\t\t\t\t\t<div class=\"sow-features-feature-content\">\n\t\t\t\t\n\t\t\t\t\t\t\t\t\t<h5 class=\"sow-features-feature-title\">\n\t\t\t\t\t\t2. Jahresbericht des Vorstands\t\t\t\t\t<\/h5>\n\t\t\t\t\n\t\t\t\t\t\t\t\t\t<div class=\"sow-features-feature-text\">\n\t\t\t\t\tErl\u00e4uterung der T\u00e4tigkeiten der letzten 12 Monate und finanzielle Entwicklung anhand des vorliegenden Vereinsjahresberichts. Finanzieller Ausblick auf das kommende Jahr. \t\t\t\t\t<\/div>\n\t\t\t\t\t\t\t\t\t\t<\/div>\n\t\t\t\t\t<p class=\"sow-more-text\">\n\t\t\t\t\t\t<a href=\"https:\/\/ehrenamtliche-helfer.org\/nbh-mitglieder\/jahreshauptversammlung\/jahresbericht\/\" >\t\t\t\t\t\tDetails\t\t\t\t\t\t<\/a>\t\t\t\t\t<\/p>\n\t\t\t\t\t\t\t<\/div>\n\t\t\t\t\t\t\t<\/div>\n\t\t\t\t\t\t\t\t<\/li>\n\n\t\t\t<li\n\t\t\tclass=\"sow-features-feature sow-icon-container-position-top\"\n\t\t\tstyle=\"display: flex; flex-direction: column; width: calc(33.333% - 25px);\"\n\t\t>\n\t\t\t\n\t\t\t\t\t\t\t<div class=\"sow-features-feature-right-left-container\" style=\"display: flex; flex-direction: inherit;\">\n\t\t\t\t\t\t\t<div\t\t\t\tclass=\"sow-icon-container sow-container-none\"\n\t\t\t\tstyle=\"color: #404040; \"\n\t\t\t\t\n\t\t\t\t\t\t\t>\n\t\t\t\t<span class=\"sow-icon-fontawesome sow-fas\" data-sow-icon=\"&#xf26c;\"\n\t\tstyle=\"font-size: 48px; color: #333333\" \n\t\taria-hidden=\"true\"><\/span>\t\t\t<\/div>\n\n\t\t\t<div class=\"textwidget\">\n\t\t\t\t\t\t\t\t\t<div class=\"sow-features-feature-content\">\n\t\t\t\t\n\t\t\t\t\t\t\t\t\t<h5 class=\"sow-features-feature-title\">\n\t\t\t\t\t\t3. Kassenbericht\t\t\t\t\t<\/h5>\n\t\t\t\t\n\t\t\t\t\t\t\t\t\t<div class=\"sow-features-feature-text\">\n\t\t\t\t\tVorstellung des Kassenbericht durch den Kassierer Andreas Lotter\t\t\t\t\t<\/div>\n\t\t\t\t\t\t\t\t\t\t<\/div>\n\t\t\t\t\t<p class=\"sow-more-text\">\n\t\t\t\t\t\t<a href=\"https:\/\/ehrenamtliche-helfer.org\/nbh-mitglieder\/jahreshauptversammlung\/kassenbericht\/\" >\t\t\t\t\t\tDetails\t\t\t\t\t\t<\/a>\t\t\t\t\t<\/p>\n\t\t\t\t\t\t\t<\/div>\n\t\t\t\t\t\t\t<\/div>\n\t\t\t\t\t\t\t\t<\/li>\n\n\t\t\t<li\n\t\t\tclass=\"sow-features-feature sow-icon-container-position-top\"\n\t\t\tstyle=\"display: flex; flex-direction: column; width: calc(33.333% - 25px);\"\n\t\t>\n\t\t\t\n\t\t\t\t\t\t\t<div class=\"sow-features-feature-right-left-container\" style=\"display: flex; flex-direction: inherit;\">\n\t\t\t\t\t\t\t<div\t\t\t\tclass=\"sow-icon-container sow-container-none\"\n\t\t\t\tstyle=\"color: #404040; \"\n\t\t\t\t\n\t\t\t\t\t\t\t>\n\t\t\t\t<span class=\"sow-icon-fontawesome sow-far\" data-sow-icon=\"&#xf086;\"\n\t\tstyle=\"font-size: 48px; color: #333333\" \n\t\taria-hidden=\"true\"><\/span>\t\t\t<\/div>\n\n\t\t\t<div class=\"textwidget\">\n\t\t\t\t\t\t\t\t\t<div class=\"sow-features-feature-content\">\n\t\t\t\t\n\t\t\t\t\t\t\t\t\t<h5 class=\"sow-features-feature-title\">\n\t\t\t\t\t\t4. Bericht der Kassenpr\u00fcfer\t\t\t\t\t<\/h5>\n\t\t\t\t\n\t\t\t\t\t\t\t\t\t<div class=\"sow-features-feature-text\">\n\t\t\t\t\tDie Kassenpr\u00fcfung berichtet \u00fcber die Ergebnisse der Beleg- und Kassenf\u00fchrung.\t\t\t\t\t<\/div>\n\t\t\t\t\t\t\t\t\t\t<\/div>\n\t\t\t\t\t<p class=\"sow-more-text\">\n\t\t\t\t\t\t<a href=\"https:\/\/ehrenamtliche-helfer.org\/nbh-mitglieder\/jahreshauptversammlung\/kassenpruefer\/\" >\t\t\t\t\t\tDetails\t\t\t\t\t\t<\/a>\t\t\t\t\t<\/p>\n\t\t\t\t\t\t\t<\/div>\n\t\t\t\t\t\t\t<\/div>\n\t\t\t\t\t\t\t\t<\/li>\n\n\t\t\t<li\n\t\t\tclass=\"sow-features-feature sow-icon-container-position-top\"\n\t\t\tstyle=\"display: flex; flex-direction: column; width: calc(33.333% - 25px);\"\n\t\t>\n\t\t\t\n\t\t\t\t\t\t\t<div class=\"sow-features-feature-right-left-container\" style=\"display: flex; flex-direction: inherit;\">\n\t\t\t\t\t\t\t<div\t\t\t\tclass=\"sow-icon-container sow-container-none\"\n\t\t\t\tstyle=\"color: #404040; \"\n\t\t\t\t\n\t\t\t\t\t\t\t>\n\t\t\t\t<span class=\"sow-icon-fontawesome sow-fas\" data-sow-icon=\"&#xf1eb;\"\n\t\tstyle=\"font-size: 48px; color: #333333\" \n\t\taria-hidden=\"true\"><\/span>\t\t\t<\/div>\n\n\t\t\t<div class=\"textwidget\">\n\t\t\t\t\t\t\t\t\t<div class=\"sow-features-feature-content\">\n\t\t\t\t\n\t\t\t\t\t\t\t\t\t<h5 class=\"sow-features-feature-title\">\n\t\t\t\t\t\t5. Entlastung des Vorstands &amp; Kassenpr\u00fcfer\t\t\t\t\t<\/h5>\n\t\t\t\t\n\t\t\t\t\t\t\t\t\t<div class=\"sow-features-feature-text\">\n\t\t\t\t\tEin Mitglied stellte den Antrag auf Entlastung des Vorstandes. Der Antrag muss einstimmig angenommen werden.\t\t\t\t\t<\/div>\n\t\t\t\t\t\t\t\t\t\t<\/div>\n\t\t\t\t\t<p class=\"sow-more-text\">\n\t\t\t\t\t\t<a href=\"https:\/\/ehrenamtliche-helfer.org\/nbh-mitglieder\/jahreshauptversammlung\/entlastung-der-vorstands\/\" >\t\t\t\t\t\tDetails\t\t\t\t\t\t<\/a>\t\t\t\t\t<\/p>\n\t\t\t\t\t\t\t<\/div>\n\t\t\t\t\t\t\t<\/div>\n\t\t\t\t\t\t\t\t<\/li>\n\n\t\t\t<li\n\t\t\tclass=\"sow-features-feature sow-icon-container-position-top\"\n\t\t\tstyle=\"display: flex; flex-direction: column; width: calc(33.333% - 25px);\"\n\t\t>\n\t\t\t\n\t\t\t\t\t\t\t<div class=\"sow-features-feature-right-left-container\" style=\"display: flex; flex-direction: inherit;\">\n\t\t\t\t\t\t\t<div\t\t\t\tclass=\"sow-icon-container sow-container-none\"\n\t\t\t\tstyle=\"color: #404040; \"\n\t\t\t\t\n\t\t\t\t\t\t\t>\n\t\t\t\t<span class=\"sow-icon-fontawesome sow-far\" data-sow-icon=\"&#xf004;\"\n\t\tstyle=\"font-size: 48px; color: #333333\" \n\t\taria-hidden=\"true\"><\/span>\t\t\t<\/div>\n\n\t\t\t<div class=\"textwidget\">\n\t\t\t\t\t\t\t\t\t<div class=\"sow-features-feature-content\">\n\t\t\t\t\n\t\t\t\t\t\t\t\t\t<h5 class=\"sow-features-feature-title\">\n\t\t\t\t\t\t6. W\u00fcnsche &amp; Antr\u00e4ge der Mitglieder\t\t\t\t\t<\/h5>\n\t\t\t\t\n\t\t\t\t\t\t\t\t\t<div class=\"sow-features-feature-text\">\n\t\t\t\t\tVorstellung der eingereichten Antr\u00e4ge und W\u00fcnsche unserer Mitglieder\t\t\t\t\t<\/div>\n\t\t\t\t\t\t\t\t\t\t<\/div>\n\t\t\t\t\t<p class=\"sow-more-text\">\n\t\t\t\t\t\t<a href=\"https:\/\/ehrenamtliche-helfer.org\/nbh-mitglieder\/jahreshauptversammlung\/antraege-der-mitglieder\/\" >\t\t\t\t\t\tDetails\t\t\t\t\t\t<\/a>\t\t\t\t\t<\/p>\n\t\t\t\t\t\t\t<\/div>\n\t\t\t\t\t\t\t<\/div>\n\t\t\t\t\t\t\t\t<\/li>\n\n\t<\/ul>\n<\/div><\/div><\/div><\/div><\/div><\/div><div id=\"pg-552-2\"  class=\"panel-grid panel-has-style\" ><div style=\"padding: 2% 0; \" data-overlay=\"true\" data-overlay-color=\"#000000\" class=\"panel-row-style panel-row-style-for-552-2\" ><div id=\"pgc-552-2-0\"  class=\"panel-grid-cell\" ><div id=\"panel-552-2-0-0\" class=\"so-panel widget widget_sow-headline panel-first-child\" data-index=\"3\" ><div style=\"text-align: left;\" data-title-color=\"#ffffff\" data-headings-color=\"#ffffff\" class=\"panel-widget-style panel-widget-style-for-552-2-0-0\" ><div\n\t\t\t\n\t\t\tclass=\"so-widget-sow-headline so-widget-sow-headline-default-5f5ffe08aff3-552\"\n\t\t\t\n\t\t><div class=\"sow-headline-container \">\n\t\t\t\t\t\t\t<h1 class=\"sow-headline\">\n\t\t\t\t\t\tUnsere T\u00e4tigkeiten\t\t\t\t\t\t<\/h1>\n\t\t\t\t\t\t<\/div>\n<\/div><\/div><\/div><div id=\"panel-552-2-0-1\" class=\"so-panel widget widget_sow-post-carousel panel-last-child\" data-index=\"4\" ><div style=\"text-align: center;\" data-title-color=\"#443f3f\" data-headings-color=\"#ffffff\" class=\"panel-widget-style panel-widget-style-for-552-2-0-1\" ><div\n\t\t\t\n\t\t\tclass=\"so-widget-sow-post-carousel so-widget-sow-post-carousel-base-ad93eedad001-552\"\n\t\t\t\n\t\t>\t<div\n\t\tclass=\"sow-post-carousel-wrapper sow-post-carousel-theme-base\"\n\t\tstyle=\"overflow: hidden; max-width: 100%; min-height: 182px\"\n\t>\n\t\t<div class=\"sow-carousel-title\">\n\t\t\t<div class=\"sow-carousel-navigation \">\n\t\t\t\t\t\t<a href=\"#\" class=\"sow-carousel-next\" title=\"Next\" aria-label=\"Next Posts\" role=\"button\"><\/a>\n\t\t\t\t\t\t<a href=\"#\" class=\"sow-carousel-previous\" title=\"Previous\" aria-label=\"Previous Posts\" role=\"button\"><\/a>\n\t\t\t\t\t<\/div>\n\t<\/div>\n\n<div class=\"sow-carousel-container \">\n\t\t<div class=\"sow-carousel-wrapper\"\n\t\tdata-dir=\"ltr\"\n\t\tstyle=\"opacity: 0;\"\n\t\tdata-widget=\"post\" data-fetching=\"false\" data-page=\"1\" data-ajax-url=\"https:\/\/ehrenamtliche-helfer.org\/nbh-mitglieder\/wp-admin\/admin-ajax.php?_widgets_nonce=ecd5195ea9\" data-item_count=\"25\" data-carousel_settings=\"{&quot;loop&quot;:true,&quot;animation&quot;:&quot;Ease&quot;,&quot;animation_speed&quot;:400,&quot;autoplay&quot;:&quot;&quot;,&quot;pauseOnHover&quot;:&quot;&quot;,&quot;autoplaySpeed&quot;:8000,&quot;item_overflow&quot;:true,&quot;autoplay_continuous_scroll&quot;:false}\" data-responsive=\"{&quot;desktop_slides_to_scroll&quot;:1,&quot;tablet_landscape_breakpoint&quot;:1366,&quot;tablet_landscape_slides_to_scroll&quot;:2,&quot;tablet_portrait_breakpoint&quot;:1025,&quot;tablet_portrait_slides_to_scroll&quot;:2,&quot;mobile_breakpoint&quot;:480,&quot;mobile_slides_to_scroll&quot;:1}\" data-variable_width=\"true\" \t>\n\t\t<div\n\t\t\tclass=\"sow-carousel-items\"\n\t\t\t\t\t>\n\t\t\t\t<div class=\"sow-carousel-item\" tabindex=\"-1\" style=\"float: left;\">\n\t\t<div class=\"sow-carousel-thumbnail\">\n\t\t\t\t\t\t\t<a\n\t\t\t\t\thref=\"https:\/\/ehrenamtliche-helfer.org\/nbh-mitglieder\/2018\/09\/streitet-euch\/\"\n\t\t\t\t\t\t\t\t\t\tstyle=\"background-image: url( https:\/\/ehrenamtliche-helfer.org\/nbh-mitglieder\/wp-content\/uploads\/sites\/4\/2018\/09\/Krim-Krise-EU-und-USA-beschliessen-Sanktionen_big_teaser_article-272x182.jpg )\"\n\t\t\t\t\taria-labelledby=\"sow-carousel-id-811\"\n\t\t\t\t\ttabindex=\"-1\"\n\t\t\t\t>\n\t\t\t\t\t<span class=\"overlay\"><\/span>\n\t\t\t\t<\/a>\n\t\t\t\t\t<\/div>\n\t\t<h3 class=\"sow-carousel-item-title\">\n\t\t\t<a\n\t\t\t\thref=\"https:\/\/ehrenamtliche-helfer.org\/nbh-mitglieder\/2018\/09\/streitet-euch\/\"\n\t\t\t\tid=\"sow-carousel-id-811\"\n\t\t\t\t\t\t\t\ttabindex=\"-1\"\n\t\t\t>\n\n\t\t\t\tStreitet Euch!\t\t\t<\/a>\n\t\t<\/h3>\n\t<\/div>\n\t\t<div class=\"sow-carousel-item\" tabindex=\"-1\" style=\"float: left;\">\n\t\t<div class=\"sow-carousel-thumbnail\">\n\t\t\t\t\t\t\t<a\n\t\t\t\t\thref=\"https:\/\/ehrenamtliche-helfer.org\/nbh-mitglieder\/2018\/07\/datenschutzgrundverordnung-dsgvo\/\"\n\t\t\t\t\t\t\t\t\t\tstyle=\"background-image: url( https:\/\/ehrenamtliche-helfer.org\/nbh-mitglieder\/wp-content\/uploads\/sites\/4\/2018\/07\/erecht24-datenschutzgrundverordnung1-272x182.jpg )\"\n\t\t\t\t\taria-labelledby=\"sow-carousel-id-759\"\n\t\t\t\t\ttabindex=\"-1\"\n\t\t\t\t>\n\t\t\t\t\t<span class=\"overlay\"><\/span>\n\t\t\t\t<\/a>\n\t\t\t\t\t<\/div>\n\t\t<h3 class=\"sow-carousel-item-title\">\n\t\t\t<a\n\t\t\t\thref=\"https:\/\/ehrenamtliche-helfer.org\/nbh-mitglieder\/2018\/07\/datenschutzgrundverordnung-dsgvo\/\"\n\t\t\t\tid=\"sow-carousel-id-759\"\n\t\t\t\t\t\t\t\ttabindex=\"-1\"\n\t\t\t>\n\n\t\t\t\tDatenschutzgrundverordnung (DSGVO)\t\t\t<\/a>\n\t\t<\/h3>\n\t<\/div>\n\t\t<div class=\"sow-carousel-item\" tabindex=\"-1\" style=\"float: left;\">\n\t\t<div class=\"sow-carousel-thumbnail\">\n\t\t\t\t\t\t\t<a\n\t\t\t\t\thref=\"https:\/\/ehrenamtliche-helfer.org\/nbh-mitglieder\/2018\/06\/mitgliederausflug-2018\/\"\n\t\t\t\t\t\t\t\t\t\tstyle=\"background-image: url( https:\/\/ehrenamtliche-helfer.org\/nbh-mitglieder\/wp-content\/uploads\/sites\/4\/2018\/06\/Nachtw\u00e4chter-272x182.jpg )\"\n\t\t\t\t\taria-labelledby=\"sow-carousel-id-729\"\n\t\t\t\t\ttabindex=\"-1\"\n\t\t\t\t>\n\t\t\t\t\t<span class=\"overlay\"><\/span>\n\t\t\t\t<\/a>\n\t\t\t\t\t<\/div>\n\t\t<h3 class=\"sow-carousel-item-title\">\n\t\t\t<a\n\t\t\t\thref=\"https:\/\/ehrenamtliche-helfer.org\/nbh-mitglieder\/2018\/06\/mitgliederausflug-2018\/\"\n\t\t\t\tid=\"sow-carousel-id-729\"\n\t\t\t\t\t\t\t\ttabindex=\"-1\"\n\t\t\t>\n\n\t\t\t\tMitgliederausflug 2018\t\t\t<\/a>\n\t\t<\/h3>\n\t<\/div>\n\t\t<div class=\"sow-carousel-item\" tabindex=\"-1\" style=\"float: left;\">\n\t\t<div class=\"sow-carousel-thumbnail\">\n\t\t\t\t\t\t\t<a\n\t\t\t\t\thref=\"https:\/\/ehrenamtliche-helfer.org\/nbh-mitglieder\/2017\/10\/o-du-einsame-weihnachtszeit\/\"\n\t\t\t\t\t\t\t\t\t\tstyle=\"background-image: url( https:\/\/ehrenamtliche-helfer.org\/nbh-mitglieder\/wp-content\/uploads\/sites\/4\/2017\/10\/171010-X-Mas-272x182.jpg )\"\n\t\t\t\t\taria-labelledby=\"sow-carousel-id-700\"\n\t\t\t\t\ttabindex=\"-1\"\n\t\t\t\t>\n\t\t\t\t\t<span class=\"overlay\"><\/span>\n\t\t\t\t<\/a>\n\t\t\t\t\t<\/div>\n\t\t<h3 class=\"sow-carousel-item-title\">\n\t\t\t<a\n\t\t\t\thref=\"https:\/\/ehrenamtliche-helfer.org\/nbh-mitglieder\/2017\/10\/o-du-einsame-weihnachtszeit\/\"\n\t\t\t\tid=\"sow-carousel-id-700\"\n\t\t\t\t\t\t\t\ttabindex=\"-1\"\n\t\t\t>\n\n\t\t\t\tO du einsame Weihnachtszeit\t\t\t<\/a>\n\t\t<\/h3>\n\t<\/div>\n\t\t<div class=\"sow-carousel-item\" tabindex=\"-1\" style=\"float: left;\">\n\t\t<div class=\"sow-carousel-thumbnail\">\n\t\t\t\t\t\t\t<a\n\t\t\t\t\thref=\"https:\/\/ehrenamtliche-helfer.org\/nbh-mitglieder\/2017\/07\/jahreshaupt-versammlung-2017\/\"\n\t\t\t\t\t\t\t\t\t\tstyle=\"background-image: url( https:\/\/ehrenamtliche-helfer.org\/nbh-mitglieder\/wp-content\/uploads\/sites\/4\/2016\/10\/Mitgliederversammlung-2016-xl-272x182.jpg )\"\n\t\t\t\t\taria-labelledby=\"sow-carousel-id-683\"\n\t\t\t\t\ttabindex=\"-1\"\n\t\t\t\t>\n\t\t\t\t\t<span class=\"overlay\"><\/span>\n\t\t\t\t<\/a>\n\t\t\t\t\t<\/div>\n\t\t<h3 class=\"sow-carousel-item-title\">\n\t\t\t<a\n\t\t\t\thref=\"https:\/\/ehrenamtliche-helfer.org\/nbh-mitglieder\/2017\/07\/jahreshaupt-versammlung-2017\/\"\n\t\t\t\tid=\"sow-carousel-id-683\"\n\t\t\t\t\t\t\t\ttabindex=\"-1\"\n\t\t\t>\n\n\t\t\t\tJahreshaupt-Versammlung 2017\t\t\t<\/a>\n\t\t<\/h3>\n\t<\/div>\n\t\t<div class=\"sow-carousel-item\" tabindex=\"-1\" style=\"float: left;\">\n\t\t<div class=\"sow-carousel-thumbnail\">\n\t\t\t\t\t\t\t<a\n\t\t\t\t\thref=\"https:\/\/ehrenamtliche-helfer.org\/nbh-mitglieder\/2017\/07\/mitgliederausflug-2017\/\"\n\t\t\t\t\t\t\t\t\t\tstyle=\"background-image: url( https:\/\/ehrenamtliche-helfer.org\/nbh-mitglieder\/wp-content\/uploads\/sites\/4\/2017\/07\/170929-Kupfermuseum-272x182.jpg )\"\n\t\t\t\t\taria-labelledby=\"sow-carousel-id-681\"\n\t\t\t\t\ttabindex=\"-1\"\n\t\t\t\t>\n\t\t\t\t\t<span class=\"overlay\"><\/span>\n\t\t\t\t<\/a>\n\t\t\t\t\t<\/div>\n\t\t<h3 class=\"sow-carousel-item-title\">\n\t\t\t<a\n\t\t\t\thref=\"https:\/\/ehrenamtliche-helfer.org\/nbh-mitglieder\/2017\/07\/mitgliederausflug-2017\/\"\n\t\t\t\tid=\"sow-carousel-id-681\"\n\t\t\t\t\t\t\t\ttabindex=\"-1\"\n\t\t\t>\n\n\t\t\t\tMitgliederausflug 2017\t\t\t<\/a>\n\t\t<\/h3>\n\t<\/div>\n\t\t\t<\/div>\n\t\t\t<\/div>\n\n\t<\/div>\n\t\t<input type=\"hidden\" name=\"instance_hash\" value=\"b2bcca50\"\/>\n\t<\/div>\n<\/div><\/div><\/div><\/div><\/div><\/div><div id=\"pg-552-3\"  class=\"panel-grid panel-has-style\" ><div style=\"color: #00a0bb;padding: 20px 0; \" data-hascolor=\"hascolor\" data-overlay=\"true\" class=\"panel-row-style panel-row-style-for-552-3\" ><div id=\"pgc-552-3-0\"  class=\"panel-grid-cell\" ><div id=\"panel-552-3-0-0\" class=\"so-panel widget widget_sydney_facts sydney_facts_widget panel-first-child panel-last-child\" data-index=\"5\" ><div style=\"text-align: left;\" class=\"panel-widget-style panel-widget-style-for-552-3-0-0\" >\r\n\t\t<h3 class=\"widget-title\">Dienstleistungen<\/h3>\r\n\t\t\t\t<div class=\"col-md-3 col-sm-3\">\r\n\t\t\t<div class=\"roll-counter\">\r\n\t\t\t\t<i class=\"fa fa-mobile-phone\"><\/i>\r\n\t\t\t\t<div class=\"name-count\">Anfragen<\/div>\r\n\t\t\t\t<div class=\"numb-count\" data-from=\"0\" data-to=\"220\" data-speed=\"2000\" data-waypoint-active=\"yes\">220<\/div>\r\n\t\t\t<\/div>\r\n\t\t<\/div>\r\n\t\t\t\t\t\t<div class=\"col-md-3 col-sm-3\">\r\n\t\t\t<div class=\"roll-counter\">\r\n\t\t\t\t<i class=\"fa fa-automobile\"><\/i>\r\n\t\t\t\t<div class=\"name-count\">Fahrdienste 1263 km<\/div>\r\n\t\t\t\t<div class=\"numb-count\" data-from=\"0\" data-to=\"93\" data-speed=\"2000\" data-waypoint-active=\"yes\">93<\/div>\r\n\t\t\t<\/div>\r\n\t\t<\/div>\r\n\t\t\t\t\t\t<div class=\"col-md-3 col-sm-3\">\r\n\t\t\t<div class=\"roll-counter\">\r\n\t\t\t\t<i class=\"fa fa-users\"><\/i>\r\n\t\t\t\t<div class=\"name-count\">Hausbesuche<\/div>\r\n\t\t\t\t<div class=\"numb-count\" data-from=\"0\" data-to=\"58\" data-speed=\"2000\" data-waypoint-active=\"yes\">58<\/div>\r\n\t\t\t<\/div>\r\n\t\t<\/div>\r\n\t\t\t\t\t\t<div class=\"col-md-3 col-sm-3\">\r\n\t\t\t<div class=\"roll-counter\">\r\n\t\t\t\t<i class=\"fa fa-wrench\"><\/i>\r\n\t\t\t\t<div class=\"name-count\">Handwerkshilfe<\/div>\r\n\t\t\t\t<div class=\"numb-count\" data-from=\"0\" data-to=\"5\" data-speed=\"2000\" data-waypoint-active=\"yes\">5<\/div>\r\n\t\t\t<\/div>\r\n\t\t<\/div>\r\n\t\t\r\n\t<\/div><\/div><\/div><\/div><\/div><div id=\"pg-552-4\"  class=\"panel-grid panel-has-style\" ><div style=\"color: #00a0bb;padding: 20px 0; \" data-hascolor=\"hascolor\" data-overlay-color=\"#ddbf82\" class=\"panel-row-style panel-row-style-for-552-4\" ><div id=\"pgc-552-4-0\"  class=\"panel-grid-cell\" ><div id=\"panel-552-4-0-0\" class=\"so-panel widget widget_sydney_facts sydney_facts_widget panel-first-child panel-last-child\" data-index=\"6\" ><div style=\"text-align: left;\" data-title-color=\"#00a0bb\" data-headings-color=\"#443f3f\" class=\"panel-widget-style panel-widget-style-for-552-4-0-0\" >\r\n\t\t\r\n\t\t\t\t<div class=\"col-md-3 col-sm-3\">\r\n\t\t\t<div class=\"roll-counter\">\r\n\t\t\t\t<i class=\"fa fa-handshake-o\"><\/i>\r\n\t\t\t\t<div class=\"name-count\">Vermittlungen<\/div>\r\n\t\t\t\t<div class=\"numb-count\" data-from=\"0\" data-to=\"7\" data-speed=\"2000\" data-waypoint-active=\"yes\">7<\/div>\r\n\t\t\t<\/div>\r\n\t\t<\/div>\r\n\t\t\t\t\t\t<div class=\"col-md-3 col-sm-3\">\r\n\t\t\t<div class=\"roll-counter\">\r\n\t\t\t\t<i class=\"fa fa-shopping-basket\"><\/i>\r\n\t\t\t\t<div class=\"name-count\">Erledigungen<\/div>\r\n\t\t\t\t<div class=\"numb-count\" data-from=\"0\" data-to=\"44\" data-speed=\"2000\" data-waypoint-active=\"yes\">44<\/div>\r\n\t\t\t<\/div>\r\n\t\t<\/div>\r\n\t\t\t\t\t\t<div class=\"col-md-3 col-sm-3\">\r\n\t\t\t<div class=\"roll-counter\">\r\n\t\t\t\t<i class=\"fa fa-sign-language\"><\/i>\r\n\t\t\t\t<div class=\"name-count\">Ehrenamtlich Std.<\/div>\r\n\t\t\t\t<div class=\"numb-count\" data-from=\"0\" data-to=\"260\" data-speed=\"2000\" data-waypoint-active=\"yes\">260<\/div>\r\n\t\t\t<\/div>\r\n\t\t<\/div>\r\n\t\t\t\t\t\t<div class=\"col-md-3 col-sm-3\">\r\n\t\t\t<div class=\"roll-counter\">\r\n\t\t\t\t<i class=\"fa fa-graduation-cap\"><\/i>\r\n\t\t\t\t<div class=\"name-count\">Auszeichnungen<\/div>\r\n\t\t\t\t<div class=\"numb-count\" data-from=\"0\" data-to=\"3\" data-speed=\"2000\" data-waypoint-active=\"yes\">3<\/div>\r\n\t\t\t<\/div>\r\n\t\t<\/div>\r\n\t\t\r\n\t<\/div><\/div><\/div><\/div><\/div><\/div>","protected":false},"excerpt":{"rendered":"<p>Nachbarschaftshilfe Die\u00dfenJahreshauptversammlung\u00a0 Tagesordnung 1. Begr\u00fc\u00dfung durch die 1. Vorsitzende &#8230; und Wahl zur Ernennung des Protokollf\u00fchrer\/in f\u00fcr die diesj\u00e4hrige Versammlung [&hellip;]<\/p>\n","protected":false},"author":1,"featured_media":506,"parent":0,"menu_order":0,"comment_status":"closed","ping_status":"closed","template":"page-templates\/page_front-page.php","meta":{"footnotes":""},"class_list":["post-552","page","type-page","status-publish","has-post-thumbnail","hentry"],"_links":{"self":[{"href":"https:\/\/ehrenamtliche-helfer.org\/nbh-mitglieder\/wp-json\/wp\/v2\/pages\/552","targetHints":{"allow":["GET"]}}],"collection":[{"href":"https:\/\/ehrenamtliche-helfer.org\/nbh-mitglieder\/wp-json\/wp\/v2\/pages"}],"about":[{"href":"https:\/\/ehrenamtliche-helfer.org\/nbh-mitglieder\/wp-json\/wp\/v2\/types\/page"}],"author":[{"embeddable":true,"href":"https:\/\/ehrenamtliche-helfer.org\/nbh-mitglieder\/wp-json\/wp\/v2\/users\/1"}],"replies":[{"embeddable":true,"href":"https:\/\/ehrenamtliche-helfer.org\/nbh-mitglieder\/wp-json\/wp\/v2\/comments?post=552"}],"version-history":[{"count":10,"href":"https:\/\/ehrenamtliche-helfer.org\/nbh-mitglieder\/wp-json\/wp\/v2\/pages\/552\/revisions"}],"predecessor-version":[{"id":656,"href":"https:\/\/ehrenamtliche-helfer.org\/nbh-mitglieder\/wp-json\/wp\/v2\/pages\/552\/revisions\/656"}],"wp:featuredmedia":[{"embeddable":true,"href":"https:\/\/ehrenamtliche-helfer.org\/nbh-mitglieder\/wp-json\/wp\/v2\/media\/506"}],"wp:attachment":[{"href":"https:\/\/ehrenamtliche-helfer.org\/nbh-mitglieder\/wp-json\/wp\/v2\/media?parent=552"}],"curies":[{"name":"wp","href":"https:\/\/api.w.org\/{rel}","templated":true}]}}